{"id":2,"date":"2013-04-19T08:26:05","date_gmt":"2013-04-19T08:26:05","guid":{"rendered":"http:\/\/blog.zedplace.com\/?page_id=2"},"modified":"2022-10-26T10:35:52","modified_gmt":"2022-10-26T08:35:52","slug":"beispiel-seite","status":"publish","type":"page","link":"https:\/\/apartamentos-la-chiripa.eu\/es\/","title":{"rendered":"\u00a1Bienvenido!"},"content":{"rendered":"<p>Los Apartamentos \u201cLa Chiripa\u201c fueron construidos en 1972. Est\u00e1n situados en el Puerto de la Cruz, en la zona llamada por los lugare\u00f1os como San Fernando. Los apartamentos se encuentran justo enfrente al hermoso Parque de Taoro.<\/p>\n<p>En solo unos minutos, se llega a pie al centro del Puerto de la Cruz, ciudad tur\u00edstica y cosmopolita, que cuenta con numerosos establecimientos, tiendas, restaurantes y bares.<\/p>\n<p>Para acceder al centro de la ciudad pr\u00e1cticamente solo hay que cruzar el\u00a0Parque de Taoro, disfrutando de su agradable entorno y jardines. En las cercan\u00edas de los apartamentos tenemos distintos servicios: tiendas, restaurantes y bares.<\/p>\n<p>El Edificio cuenta con m\u00e1s de 142 Apartamentos en 9 plantas entre 42 y 68 metros cuadrados de superficie habitable, con terrazas de distintos tama\u00f1os, adem\u00e1s de oficinas y un Vest\u00edbulo con mobiliario confortable. El edificio tambi\u00e9n dispone para propietarios e inquilinos un \u00e1rea com\u00fan con peque\u00f1o gimnasio, biblioteca y mesas y sillas para agradables reuniones.<\/p>\n<p>Los apartamentos tienen cocina abierta, ba\u00f1o, sala y una o dos habitaciones. Los apartamentos cuentan con red WLAN gratuita. Todos los Apartamentos son de propiedad privada, por lo que algunos propietarios de la comunidad los dedican al alquiler y otros los usan como primera o segunda vivienda. El edificio goza de magn\u00edficas vistas al Atl\u00e1ntico, al Puerto de la Cruz y al Valle de La Orotava. Son muy recomendables las vistas por las noches.<\/p>\n<p>Las instalaciones cuentan con una gran piscina, con climatizaci\u00f3n en invierno. Desde la piscina tambi\u00e9n se tienen unas vistas maravillosas al Atl\u00e1ntico, al Teide, y al Parque de Taoro.<\/p>\n<p>Los apartamentos tienen Televisi\u00f3n, con canales en espa\u00f1ol y alem\u00e1n, y conexi\u00f3n inal\u00e1mbrica a internet. Se cuenta con plazas de garajes propias, tanto interiores como exteriores.<\/p>\n<p>La comunidad de propietarios est\u00e1 bajo presidencia alemana, con unas oficinas de administraci\u00f3n para propietarios, que atienden tanto en espa\u00f1ol como alem\u00e1n e ingl\u00e9s, teniendo horario de Consulta diaria en la Oficina del propio edificio. La comunidad tambi\u00e9n cuenta con Servicio T\u00e9cnico propio que revisa a diario el edificio y una Empresa de Limpieza contratada se encarga de la limpieza diaria necesaria de las zonas comunes de \u201cLa Chiripa \u201c.<\/p>","protected":false},"excerpt":{"rendered":"<p>Los Apartamentos \u201cLa Chiripa\u201c fueron construidos en 1972. Est\u00e1n situados en el Puerto de la Cruz, en la zona llamada por los lugare\u00f1os como San Fernando. Los apartamentos se encuentran justo enfrente al hermoso Parque de Taoro. En solo unos minutos, se llega a pie al centro del Puerto de &#8230;<\/p>\n","protected":false},"author":1,"featured_media":0,"parent":0,"menu_order":0,"comment_status":"closed","ping_status":"closed","template":"","meta":{"footnotes":""},"class_list":["post-2","page","type-page","status-publish","hentry","column","twocol"],"_links":{"self":[{"href":"https:\/\/apartamentos-la-chiripa.eu\/es\/wp-json\/wp\/v2\/pages\/2","targetHints":{"allow":["GET"]}}],"collection":[{"href":"https:\/\/apartamentos-la-chiripa.eu\/es\/wp-json\/wp\/v2\/pages"}],"about":[{"href":"https:\/\/apartamentos-la-chiripa.eu\/es\/wp-json\/wp\/v2\/types\/page"}],"author":[{"embeddable":true,"href":"https:\/\/apartamentos-la-chiripa.eu\/es\/wp-json\/wp\/v2\/users\/1"}],"replies":[{"embeddable":true,"href":"https:\/\/apartamentos-la-chiripa.eu\/es\/wp-json\/wp\/v2\/comments?post=2"}],"version-history":[{"count":31,"href":"https:\/\/apartamentos-la-chiripa.eu\/es\/wp-json\/wp\/v2\/pages\/2\/revisions"}],"predecessor-version":[{"id":336,"href":"https:\/\/apartamentos-la-chiripa.eu\/es\/wp-json\/wp\/v2\/pages\/2\/revisions\/336"}],"wp:attachment":[{"href":"https:\/\/apartamentos-la-chiripa.eu\/es\/wp-json\/wp\/v2\/media?parent=2"}],"curies":[{"name":"wp","href":"https:\/\/api.w.org\/{rel}","templated":true}]}}